{"id":123,"date":"2022-08-09T12:44:21","date_gmt":"2022-08-09T12:44:21","guid":{"rendered":"https:\/\/kosmetik-ravensburg.com\/?page_id=123"},"modified":"2025-12-02T09:08:59","modified_gmt":"2025-12-02T09:08:59","slug":"express-behandlung","status":"publish","type":"page","link":"https:\/\/kosmetik-ravensburg.com\/?page_id=123","title":{"rendered":"Express Behandlung"},"content":{"rendered":"\n<p>Kurze Auszeit &#8211; Sch\u00f6nheitspflege ist in Ihrem Alltag schwer zu integrieren? Sie sind gesch\u00e4ftlich in der Stadt und haben Lust auf eine kurze Auszeit? Dann ist unsere Express Behandlung genau das Richtige f\u00fcr Sie!<\/p>\n\n\n\n<p>Reinigung, Peeling, kurze Massage, Gesichtsmaske, individuelle Abschlusspflege<\/p>\n\n\n\n<p>55 Minuten Verw\u00f6hnzeit &#8211; 69\u20ac<\/p>\n\n\n\n<p>Mit Wirkstoffampulle + 12\u20ac<\/p>\n\n\n\n<p>Mit den Marken Sensai oder Filorga +15\u20ac<\/p>\n\n\n\n<p><\/p>\n","protected":false},"excerpt":{"rendered":"<p>Kurze Auszeit &#8211; Sch\u00f6nheitspflege ist in Ihrem Alltag schwer zu integrieren? Sie sind gesch\u00e4ftlich in der Stadt und haben Lust auf eine kurze Auszeit? Dann ist unsere Express Behandlung genau das Richtige f\u00fcr Sie! Reinigung, Peeling, kurze Massage, Gesichtsmaske, individuelle Abschlusspflege 55 Minuten Verw\u00f6hnzeit &#8211; 69\u20ac Mit Wirkstoffampulle + 12\u20ac Mit den Marken Sensai oder [&hellip;]<\/p>\n","protected":false},"author":1,"featured_media":125,"parent":0,"menu_order":0,"comment_status":"closed","ping_status":"closed","template":"","meta":{"footnotes":""},"class_list":["post-123","page","type-page","status-publish","has-post-thumbnail","czr-hentry"],"yoast_head":"<!-- This site is optimized with the Yoast SEO plugin v27.4 - https:\/\/yoast.com\/product\/yoast-seo-wordpress\/ -->\n<title>Express Behandlung - Kosmetik Ravensburg<\/title>\n<meta name=\"robots\" content=\"index, follow, max-snippet:-1, max-image-preview:large, max-video-preview:-1\" \/>\n<link rel=\"canonical\" href=\"https:\/\/kosmetik-ravensburg.com\/?page_id=123\" \/>\n<meta property=\"og:locale\" content=\"de_DE\" \/>\n<meta property=\"og:type\" content=\"article\" \/>\n<meta property=\"og:title\" content=\"Express Behandlung - Kosmetik Ravensburg\" \/>\n<meta property=\"og:description\" content=\"Kurze Auszeit &#8211; Sch\u00f6nheitspflege ist in Ihrem Alltag schwer zu integrieren? Sie sind gesch\u00e4ftlich in der Stadt und haben Lust auf eine kurze Auszeit? Dann ist unsere Express Behandlung genau das Richtige f\u00fcr Sie! Reinigung, Peeling, kurze Massage, Gesichtsmaske, individuelle Abschlusspflege 55 Minuten Verw\u00f6hnzeit &#8211; 69\u20ac Mit Wirkstoffampulle + 12\u20ac Mit den Marken Sensai oder [&hellip;]\" \/>\n<meta property=\"og:url\" content=\"https:\/\/kosmetik-ravensburg.com\/?page_id=123\" \/>\n<meta property=\"og:site_name\" content=\"Kosmetik Ravensburg\" \/>\n<meta property=\"article:modified_time\" content=\"2025-12-02T09:08:59+00:00\" \/>\n<meta property=\"og:image\" content=\"https:\/\/kosmetik-ravensburg.com\/wp-content\/uploads\/2022\/08\/Fotolia_182484977_M.jpg\" \/>\n\t<meta property=\"og:image:width\" content=\"1688\" \/>\n\t<meta property=\"og:image:height\" content=\"1126\" \/>\n\t<meta property=\"og:image:type\" content=\"image\/jpeg\" \/>\n<meta name=\"twitter:card\" content=\"summary_large_image\" \/>\n<meta name=\"twitter:label1\" content=\"Gesch\u00e4tzte Lesezeit\" \/>\n\t<meta name=\"twitter:data1\" content=\"1\u00a0Minute\" \/>\n<script type=\"application\/ld+json\" class=\"yoast-schema-graph\">{\"@context\":\"https:\\\/\\\/schema.org\",\"@graph\":[{\"@type\":\"WebPage\",\"@id\":\"https:\\\/\\\/kosmetik-ravensburg.com\\\/?page_id=123\",\"url\":\"https:\\\/\\\/kosmetik-ravensburg.com\\\/?page_id=123\",\"name\":\"Express Behandlung - Kosmetik Ravensburg\",\"isPartOf\":{\"@id\":\"https:\\\/\\\/kosmetik-ravensburg.com\\\/#website\"},\"primaryImageOfPage\":{\"@id\":\"https:\\\/\\\/kosmetik-ravensburg.com\\\/?page_id=123#primaryimage\"},\"image\":{\"@id\":\"https:\\\/\\\/kosmetik-ravensburg.com\\\/?page_id=123#primaryimage\"},\"thumbnailUrl\":\"https:\\\/\\\/kosmetik-ravensburg.com\\\/wp-content\\\/uploads\\\/2022\\\/08\\\/Fotolia_182484977_M.jpg\",\"datePublished\":\"2022-08-09T12:44:21+00:00\",\"dateModified\":\"2025-12-02T09:08:59+00:00\",\"breadcrumb\":{\"@id\":\"https:\\\/\\\/kosmetik-ravensburg.com\\\/?page_id=123#breadcrumb\"},\"inLanguage\":\"de\",\"potentialAction\":[{\"@type\":\"ReadAction\",\"target\":[\"https:\\\/\\\/kosmetik-ravensburg.com\\\/?page_id=123\"]}]},{\"@type\":\"ImageObject\",\"inLanguage\":\"de\",\"@id\":\"https:\\\/\\\/kosmetik-ravensburg.com\\\/?page_id=123#primaryimage\",\"url\":\"https:\\\/\\\/kosmetik-ravensburg.com\\\/wp-content\\\/uploads\\\/2022\\\/08\\\/Fotolia_182484977_M.jpg\",\"contentUrl\":\"https:\\\/\\\/kosmetik-ravensburg.com\\\/wp-content\\\/uploads\\\/2022\\\/08\\\/Fotolia_182484977_M.jpg\",\"width\":1688,\"height\":1126},{\"@type\":\"BreadcrumbList\",\"@id\":\"https:\\\/\\\/kosmetik-ravensburg.com\\\/?page_id=123#breadcrumb\",\"itemListElement\":[{\"@type\":\"ListItem\",\"position\":1,\"name\":\"Startseite\",\"item\":\"https:\\\/\\\/kosmetik-ravensburg.com\\\/\"},{\"@type\":\"ListItem\",\"position\":2,\"name\":\"Express Behandlung\"}]},{\"@type\":\"WebSite\",\"@id\":\"https:\\\/\\\/kosmetik-ravensburg.com\\\/#website\",\"url\":\"https:\\\/\\\/kosmetik-ravensburg.com\\\/\",\"name\":\"Kosmetik Ravensburg\",\"description\":\"\",\"publisher\":{\"@id\":\"https:\\\/\\\/kosmetik-ravensburg.com\\\/#organization\"},\"potentialAction\":[{\"@type\":\"SearchAction\",\"target\":{\"@type\":\"EntryPoint\",\"urlTemplate\":\"https:\\\/\\\/kosmetik-ravensburg.com\\\/?s={search_term_string}\"},\"query-input\":{\"@type\":\"PropertyValueSpecification\",\"valueRequired\":true,\"valueName\":\"search_term_string\"}}],\"inLanguage\":\"de\"},{\"@type\":\"Organization\",\"@id\":\"https:\\\/\\\/kosmetik-ravensburg.com\\\/#organization\",\"name\":\"Kosmetik Ravensburg\",\"url\":\"https:\\\/\\\/kosmetik-ravensburg.com\\\/\",\"logo\":{\"@type\":\"ImageObject\",\"inLanguage\":\"de\",\"@id\":\"https:\\\/\\\/kosmetik-ravensburg.com\\\/#\\\/schema\\\/logo\\\/image\\\/\",\"url\":\"https:\\\/\\\/kosmetik-ravensburg.com\\\/wp-content\\\/uploads\\\/2022\\\/03\\\/cropped-Amica_Bittel_2c_grey_pantone.jpg\",\"contentUrl\":\"https:\\\/\\\/kosmetik-ravensburg.com\\\/wp-content\\\/uploads\\\/2022\\\/03\\\/cropped-Amica_Bittel_2c_grey_pantone.jpg\",\"width\":978,\"height\":391,\"caption\":\"Kosmetik Ravensburg\"},\"image\":{\"@id\":\"https:\\\/\\\/kosmetik-ravensburg.com\\\/#\\\/schema\\\/logo\\\/image\\\/\"}}]}<\/script>\n<!-- \/ Yoast SEO plugin. -->","yoast_head_json":{"title":"Express Behandlung - Kosmetik Ravensburg","robots":{"index":"index","follow":"follow","max-snippet":"max-snippet:-1","max-image-preview":"max-image-preview:large","max-video-preview":"max-video-preview:-1"},"canonical":"https:\/\/kosmetik-ravensburg.com\/?page_id=123","og_locale":"de_DE","og_type":"article","og_title":"Express Behandlung - Kosmetik Ravensburg","og_description":"Kurze Auszeit &#8211; Sch\u00f6nheitspflege ist in Ihrem Alltag schwer zu integrieren? Sie sind gesch\u00e4ftlich in der Stadt und haben Lust auf eine kurze Auszeit? Dann ist unsere Express Behandlung genau das Richtige f\u00fcr Sie! Reinigung, Peeling, kurze Massage, Gesichtsmaske, individuelle Abschlusspflege 55 Minuten Verw\u00f6hnzeit &#8211; 69\u20ac Mit Wirkstoffampulle + 12\u20ac Mit den Marken Sensai oder [&hellip;]","og_url":"https:\/\/kosmetik-ravensburg.com\/?page_id=123","og_site_name":"Kosmetik Ravensburg","article_modified_time":"2025-12-02T09:08:59+00:00","og_image":[{"width":1688,"height":1126,"url":"https:\/\/kosmetik-ravensburg.com\/wp-content\/uploads\/2022\/08\/Fotolia_182484977_M.jpg","type":"image\/jpeg"}],"twitter_card":"summary_large_image","twitter_misc":{"Gesch\u00e4tzte Lesezeit":"1\u00a0Minute"},"schema":{"@context":"https:\/\/schema.org","@graph":[{"@type":"WebPage","@id":"https:\/\/kosmetik-ravensburg.com\/?page_id=123","url":"https:\/\/kosmetik-ravensburg.com\/?page_id=123","name":"Express Behandlung - Kosmetik Ravensburg","isPartOf":{"@id":"https:\/\/kosmetik-ravensburg.com\/#website"},"primaryImageOfPage":{"@id":"https:\/\/kosmetik-ravensburg.com\/?page_id=123#primaryimage"},"image":{"@id":"https:\/\/kosmetik-ravensburg.com\/?page_id=123#primaryimage"},"thumbnailUrl":"https:\/\/kosmetik-ravensburg.com\/wp-content\/uploads\/2022\/08\/Fotolia_182484977_M.jpg","datePublished":"2022-08-09T12:44:21+00:00","dateModified":"2025-12-02T09:08:59+00:00","breadcrumb":{"@id":"https:\/\/kosmetik-ravensburg.com\/?page_id=123#breadcrumb"},"inLanguage":"de","potentialAction":[{"@type":"ReadAction","target":["https:\/\/kosmetik-ravensburg.com\/?page_id=123"]}]},{"@type":"ImageObject","inLanguage":"de","@id":"https:\/\/kosmetik-ravensburg.com\/?page_id=123#primaryimage","url":"https:\/\/kosmetik-ravensburg.com\/wp-content\/uploads\/2022\/08\/Fotolia_182484977_M.jpg","contentUrl":"https:\/\/kosmetik-ravensburg.com\/wp-content\/uploads\/2022\/08\/Fotolia_182484977_M.jpg","width":1688,"height":1126},{"@type":"BreadcrumbList","@id":"https:\/\/kosmetik-ravensburg.com\/?page_id=123#breadcrumb","itemListElement":[{"@type":"ListItem","position":1,"name":"Startseite","item":"https:\/\/kosmetik-ravensburg.com\/"},{"@type":"ListItem","position":2,"name":"Express Behandlung"}]},{"@type":"WebSite","@id":"https:\/\/kosmetik-ravensburg.com\/#website","url":"https:\/\/kosmetik-ravensburg.com\/","name":"Kosmetik Ravensburg","description":"","publisher":{"@id":"https:\/\/kosmetik-ravensburg.com\/#organization"},"potentialAction":[{"@type":"SearchAction","target":{"@type":"EntryPoint","urlTemplate":"https:\/\/kosmetik-ravensburg.com\/?s={search_term_string}"},"query-input":{"@type":"PropertyValueSpecification","valueRequired":true,"valueName":"search_term_string"}}],"inLanguage":"de"},{"@type":"Organization","@id":"https:\/\/kosmetik-ravensburg.com\/#organization","name":"Kosmetik Ravensburg","url":"https:\/\/kosmetik-ravensburg.com\/","logo":{"@type":"ImageObject","inLanguage":"de","@id":"https:\/\/kosmetik-ravensburg.com\/#\/schema\/logo\/image\/","url":"https:\/\/kosmetik-ravensburg.com\/wp-content\/uploads\/2022\/03\/cropped-Amica_Bittel_2c_grey_pantone.jpg","contentUrl":"https:\/\/kosmetik-ravensburg.com\/wp-content\/uploads\/2022\/03\/cropped-Amica_Bittel_2c_grey_pantone.jpg","width":978,"height":391,"caption":"Kosmetik Ravensburg"},"image":{"@id":"https:\/\/kosmetik-ravensburg.com\/#\/schema\/logo\/image\/"}}]}},"_links":{"self":[{"href":"https:\/\/kosmetik-ravensburg.com\/index.php?rest_route=\/wp\/v2\/pages\/123","targetHints":{"allow":["GET"]}}],"collection":[{"href":"https:\/\/kosmetik-ravensburg.com\/index.php?rest_route=\/wp\/v2\/pages"}],"about":[{"href":"https:\/\/kosmetik-ravensburg.com\/index.php?rest_route=\/wp\/v2\/types\/page"}],"author":[{"embeddable":true,"href":"https:\/\/kosmetik-ravensburg.com\/index.php?rest_route=\/wp\/v2\/users\/1"}],"replies":[{"embeddable":true,"href":"https:\/\/kosmetik-ravensburg.com\/index.php?rest_route=%2Fwp%2Fv2%2Fcomments&post=123"}],"version-history":[{"count":6,"href":"https:\/\/kosmetik-ravensburg.com\/index.php?rest_route=\/wp\/v2\/pages\/123\/revisions"}],"predecessor-version":[{"id":795,"href":"https:\/\/kosmetik-ravensburg.com\/index.php?rest_route=\/wp\/v2\/pages\/123\/revisions\/795"}],"wp:featuredmedia":[{"embeddable":true,"href":"https:\/\/kosmetik-ravensburg.com\/index.php?rest_route=\/wp\/v2\/media\/125"}],"wp:attachment":[{"href":"https:\/\/kosmetik-ravensburg.com\/index.php?rest_route=%2Fwp%2Fv2%2Fmedia&parent=123"}],"curies":[{"name":"wp","href":"https:\/\/api.w.org\/{rel}","templated":true}]}}