{"id":99,"date":"2022-08-08T15:46:49","date_gmt":"2022-08-08T15:46:49","guid":{"rendered":"https:\/\/kosmetik-ravensburg.com\/?page_id=99"},"modified":"2025-11-25T14:43:01","modified_gmt":"2025-11-25T14:43:01","slug":"mani-pedi-ravensburg","status":"publish","type":"page","link":"https:\/\/kosmetik-ravensburg.com\/?page_id=99","title":{"rendered":"H\u00e4nde und F\u00fc\u00dfe"},"content":{"rendered":"\n<p>H\u00e4nde und F\u00fc\u00dfe sind unsere Aush\u00e4ngeschilder &#8211; besonders daran erkennt man eine gepflegte Person und macht einen guten ersten Eindruck. Daher bieten unsere Experten Ihnen eine besondere Auswahl an Manik\u00fcre und Pedik\u00fcre in Ravensburg: Ob Kosmetische Fu\u00dfpflege oder Manik\u00fcre Deluxe mit Shellac. F\u00fcr Ihren perfekten ersten Eindruck. <\/p>\n\n\n\n<figure class=\"wp-block-table aligncenter\"><table><tbody><tr><td class=\"has-text-align-left\" data-align=\"left\">Manik\u00fcre<\/td><td>45\u20ac<\/td><\/tr><tr><td class=\"has-text-align-left\" data-align=\"left\">Manik\u00fcre &amp; Lack<\/td><td>48\u20ac<\/td><\/tr><tr><td class=\"has-text-align-left\" data-align=\"left\">Manik\u00fcre &amp; Shellac<\/td><td>69\u20ac<\/td><\/tr><tr><td class=\"has-text-align-left\" data-align=\"left\"><\/td><td><\/td><\/tr><tr><td class=\"has-text-align-left\" data-align=\"left\">Kosmetische Fu\u00dfpflege<\/td><td>49\u20ac<\/td><\/tr><tr><td class=\"has-text-align-left\" data-align=\"left\">Kosmetische Fu\u00dfpflege &amp; Lack<\/td><td>52\u20ac<\/td><\/tr><tr><td class=\"has-text-align-left\" data-align=\"left\">Kosmetische Fu\u00dfpflege mit Shellac<\/td><td>72\u20ac<\/td><\/tr><tr><td class=\"has-text-align-left\" data-align=\"left\">Pedik\u00fcre Deluxe<br>inkl. Fu\u00dfpeeling &amp; Fu\u00dfmassage mit Lack <\/td><td><br>65\u20ac<\/td><\/tr><tr><td class=\"has-text-align-left\" data-align=\"left\">Mit Shellac<\/td><td>85\u20ac<\/td><\/tr><tr><td class=\"has-text-align-left\" data-align=\"left\"><\/td><td><\/td><\/tr><tr><td class=\"has-text-align-left\" data-align=\"left\">Zubuchbar zu jeder Behandlung<\/td><td><\/td><\/tr><tr><td class=\"has-text-align-left\" data-align=\"left\">Hand- \/ Fu\u00dfpeeling<\/td><td>10\u20ac<\/td><\/tr><\/tbody><\/table><\/figure>\n\n\n\n<p>Buchen Sie jetzt Ihren Termin f\u00fcr Manik\u00fcre und Pedik\u00fcre in Ravensburg! <\/p>\n\n\n\n<p>Sie m\u00f6chten auch haarfrei gepflegt aussehen und sich in seidig glatter Haut wohlf\u00fchlen? Sehen Sie sich auch unsere Extras rund um das Thema<a href=\"https:\/\/kosmetik-ravensburg.com\/?page_id=88\"> Enthaarung<\/a> an! <\/p>\n","protected":false},"excerpt":{"rendered":"<p>H\u00e4nde und F\u00fc\u00dfe sind unsere Aush\u00e4ngeschilder &#8211; besonders daran erkennt man eine gepflegte Person und macht einen guten ersten Eindruck. Daher bieten unsere Experten Ihnen eine besondere Auswahl an Manik\u00fcre und Pedik\u00fcre in Ravensburg: Ob Kosmetische Fu\u00dfpflege oder Manik\u00fcre Deluxe mit Shellac. F\u00fcr Ihren perfekten ersten Eindruck. Manik\u00fcre 45\u20ac Manik\u00fcre &amp; Lack 48\u20ac Manik\u00fcre &amp; [&hellip;]<\/p>\n","protected":false},"author":1,"featured_media":102,"parent":0,"menu_order":0,"comment_status":"closed","ping_status":"closed","template":"","meta":{"footnotes":""},"class_list":["post-99","page","type-page","status-publish","has-post-thumbnail","czr-hentry"],"yoast_head":"<!-- This site is optimized with the Yoast SEO plugin v27.3 - https:\/\/yoast.com\/product\/yoast-seo-wordpress\/ -->\n<title>Manik\u00fcre und Pedik\u00fcre - Fu\u00dfpflege Ravensburg<\/title>\n<meta name=\"description\" content=\"Gepflegte H\u00e4nde und F\u00fc\u00dfe sind ein Muss f\u00fcr den guten ersten Eindruck - Manik\u00fcre und Pedik\u00fcre in Ravensburg bei AMICA Parf\u00fcmerie Bittel.\" \/>\n<meta name=\"robots\" content=\"index, follow, max-snippet:-1, max-image-preview:large, max-video-preview:-1\" \/>\n<link rel=\"canonical\" href=\"https:\/\/kosmetik-ravensburg.com\/?page_id=99\" \/>\n<meta property=\"og:locale\" content=\"de_DE\" \/>\n<meta property=\"og:type\" content=\"article\" \/>\n<meta property=\"og:title\" content=\"Manik\u00fcre und Pedik\u00fcre - Fu\u00dfpflege Ravensburg\" \/>\n<meta property=\"og:description\" content=\"Gepflegte H\u00e4nde und F\u00fc\u00dfe sind ein Muss f\u00fcr den guten ersten Eindruck - Manik\u00fcre und Pedik\u00fcre in Ravensburg bei AMICA Parf\u00fcmerie Bittel.\" \/>\n<meta property=\"og:url\" content=\"https:\/\/kosmetik-ravensburg.com\/?page_id=99\" \/>\n<meta property=\"og:site_name\" content=\"Kosmetik Ravensburg\" \/>\n<meta property=\"article:modified_time\" content=\"2025-11-25T14:43:01+00:00\" \/>\n<meta property=\"og:image\" content=\"https:\/\/kosmetik-ravensburg.com\/wp-content\/uploads\/2022\/08\/Fotolia_174035587_S.jpg\" \/>\n\t<meta property=\"og:image:width\" content=\"849\" \/>\n\t<meta property=\"og:image:height\" content=\"566\" \/>\n\t<meta property=\"og:image:type\" content=\"image\/jpeg\" \/>\n<meta name=\"twitter:card\" content=\"summary_large_image\" \/>\n<meta name=\"twitter:label1\" content=\"Gesch\u00e4tzte Lesezeit\" \/>\n\t<meta name=\"twitter:data1\" content=\"1\u00a0Minute\" \/>\n<script type=\"application\/ld+json\" class=\"yoast-schema-graph\">{\"@context\":\"https:\\\/\\\/schema.org\",\"@graph\":[{\"@type\":\"WebPage\",\"@id\":\"https:\\\/\\\/kosmetik-ravensburg.com\\\/?page_id=99\",\"url\":\"https:\\\/\\\/kosmetik-ravensburg.com\\\/?page_id=99\",\"name\":\"Manik\u00fcre und Pedik\u00fcre - Fu\u00dfpflege Ravensburg\",\"isPartOf\":{\"@id\":\"https:\\\/\\\/kosmetik-ravensburg.com\\\/#website\"},\"primaryImageOfPage\":{\"@id\":\"https:\\\/\\\/kosmetik-ravensburg.com\\\/?page_id=99#primaryimage\"},\"image\":{\"@id\":\"https:\\\/\\\/kosmetik-ravensburg.com\\\/?page_id=99#primaryimage\"},\"thumbnailUrl\":\"https:\\\/\\\/kosmetik-ravensburg.com\\\/wp-content\\\/uploads\\\/2022\\\/08\\\/Fotolia_174035587_S.jpg\",\"datePublished\":\"2022-08-08T15:46:49+00:00\",\"dateModified\":\"2025-11-25T14:43:01+00:00\",\"description\":\"Gepflegte H\u00e4nde und F\u00fc\u00dfe sind ein Muss f\u00fcr den guten ersten Eindruck - Manik\u00fcre und Pedik\u00fcre in Ravensburg bei AMICA Parf\u00fcmerie Bittel.\",\"breadcrumb\":{\"@id\":\"https:\\\/\\\/kosmetik-ravensburg.com\\\/?page_id=99#breadcrumb\"},\"inLanguage\":\"de\",\"potentialAction\":[{\"@type\":\"ReadAction\",\"target\":[\"https:\\\/\\\/kosmetik-ravensburg.com\\\/?page_id=99\"]}]},{\"@type\":\"ImageObject\",\"inLanguage\":\"de\",\"@id\":\"https:\\\/\\\/kosmetik-ravensburg.com\\\/?page_id=99#primaryimage\",\"url\":\"https:\\\/\\\/kosmetik-ravensburg.com\\\/wp-content\\\/uploads\\\/2022\\\/08\\\/Fotolia_174035587_S.jpg\",\"contentUrl\":\"https:\\\/\\\/kosmetik-ravensburg.com\\\/wp-content\\\/uploads\\\/2022\\\/08\\\/Fotolia_174035587_S.jpg\",\"width\":849,\"height\":566,\"caption\":\"Manik\u00fcre Pedik\u00fcre Ravensburg\"},{\"@type\":\"BreadcrumbList\",\"@id\":\"https:\\\/\\\/kosmetik-ravensburg.com\\\/?page_id=99#breadcrumb\",\"itemListElement\":[{\"@type\":\"ListItem\",\"position\":1,\"name\":\"Startseite\",\"item\":\"https:\\\/\\\/kosmetik-ravensburg.com\\\/\"},{\"@type\":\"ListItem\",\"position\":2,\"name\":\"H\u00e4nde und F\u00fc\u00dfe\"}]},{\"@type\":\"WebSite\",\"@id\":\"https:\\\/\\\/kosmetik-ravensburg.com\\\/#website\",\"url\":\"https:\\\/\\\/kosmetik-ravensburg.com\\\/\",\"name\":\"Kosmetik Ravensburg\",\"description\":\"\",\"publisher\":{\"@id\":\"https:\\\/\\\/kosmetik-ravensburg.com\\\/#organization\"},\"potentialAction\":[{\"@type\":\"SearchAction\",\"target\":{\"@type\":\"EntryPoint\",\"urlTemplate\":\"https:\\\/\\\/kosmetik-ravensburg.com\\\/?s={search_term_string}\"},\"query-input\":{\"@type\":\"PropertyValueSpecification\",\"valueRequired\":true,\"valueName\":\"search_term_string\"}}],\"inLanguage\":\"de\"},{\"@type\":\"Organization\",\"@id\":\"https:\\\/\\\/kosmetik-ravensburg.com\\\/#organization\",\"name\":\"Kosmetik Ravensburg\",\"url\":\"https:\\\/\\\/kosmetik-ravensburg.com\\\/\",\"logo\":{\"@type\":\"ImageObject\",\"inLanguage\":\"de\",\"@id\":\"https:\\\/\\\/kosmetik-ravensburg.com\\\/#\\\/schema\\\/logo\\\/image\\\/\",\"url\":\"https:\\\/\\\/kosmetik-ravensburg.com\\\/wp-content\\\/uploads\\\/2022\\\/03\\\/cropped-Amica_Bittel_2c_grey_pantone.jpg\",\"contentUrl\":\"https:\\\/\\\/kosmetik-ravensburg.com\\\/wp-content\\\/uploads\\\/2022\\\/03\\\/cropped-Amica_Bittel_2c_grey_pantone.jpg\",\"width\":978,\"height\":391,\"caption\":\"Kosmetik Ravensburg\"},\"image\":{\"@id\":\"https:\\\/\\\/kosmetik-ravensburg.com\\\/#\\\/schema\\\/logo\\\/image\\\/\"}}]}<\/script>\n<!-- \/ Yoast SEO plugin. -->","yoast_head_json":{"title":"Manik\u00fcre und Pedik\u00fcre - Fu\u00dfpflege Ravensburg","description":"Gepflegte H\u00e4nde und F\u00fc\u00dfe sind ein Muss f\u00fcr den guten ersten Eindruck - Manik\u00fcre und Pedik\u00fcre in Ravensburg bei AMICA Parf\u00fcmerie Bittel.","robots":{"index":"index","follow":"follow","max-snippet":"max-snippet:-1","max-image-preview":"max-image-preview:large","max-video-preview":"max-video-preview:-1"},"canonical":"https:\/\/kosmetik-ravensburg.com\/?page_id=99","og_locale":"de_DE","og_type":"article","og_title":"Manik\u00fcre und Pedik\u00fcre - Fu\u00dfpflege Ravensburg","og_description":"Gepflegte H\u00e4nde und F\u00fc\u00dfe sind ein Muss f\u00fcr den guten ersten Eindruck - Manik\u00fcre und Pedik\u00fcre in Ravensburg bei AMICA Parf\u00fcmerie Bittel.","og_url":"https:\/\/kosmetik-ravensburg.com\/?page_id=99","og_site_name":"Kosmetik Ravensburg","article_modified_time":"2025-11-25T14:43:01+00:00","og_image":[{"width":849,"height":566,"url":"https:\/\/kosmetik-ravensburg.com\/wp-content\/uploads\/2022\/08\/Fotolia_174035587_S.jpg","type":"image\/jpeg"}],"twitter_card":"summary_large_image","twitter_misc":{"Gesch\u00e4tzte Lesezeit":"1\u00a0Minute"},"schema":{"@context":"https:\/\/schema.org","@graph":[{"@type":"WebPage","@id":"https:\/\/kosmetik-ravensburg.com\/?page_id=99","url":"https:\/\/kosmetik-ravensburg.com\/?page_id=99","name":"Manik\u00fcre und Pedik\u00fcre - Fu\u00dfpflege Ravensburg","isPartOf":{"@id":"https:\/\/kosmetik-ravensburg.com\/#website"},"primaryImageOfPage":{"@id":"https:\/\/kosmetik-ravensburg.com\/?page_id=99#primaryimage"},"image":{"@id":"https:\/\/kosmetik-ravensburg.com\/?page_id=99#primaryimage"},"thumbnailUrl":"https:\/\/kosmetik-ravensburg.com\/wp-content\/uploads\/2022\/08\/Fotolia_174035587_S.jpg","datePublished":"2022-08-08T15:46:49+00:00","dateModified":"2025-11-25T14:43:01+00:00","description":"Gepflegte H\u00e4nde und F\u00fc\u00dfe sind ein Muss f\u00fcr den guten ersten Eindruck - Manik\u00fcre und Pedik\u00fcre in Ravensburg bei AMICA Parf\u00fcmerie Bittel.","breadcrumb":{"@id":"https:\/\/kosmetik-ravensburg.com\/?page_id=99#breadcrumb"},"inLanguage":"de","potentialAction":[{"@type":"ReadAction","target":["https:\/\/kosmetik-ravensburg.com\/?page_id=99"]}]},{"@type":"ImageObject","inLanguage":"de","@id":"https:\/\/kosmetik-ravensburg.com\/?page_id=99#primaryimage","url":"https:\/\/kosmetik-ravensburg.com\/wp-content\/uploads\/2022\/08\/Fotolia_174035587_S.jpg","contentUrl":"https:\/\/kosmetik-ravensburg.com\/wp-content\/uploads\/2022\/08\/Fotolia_174035587_S.jpg","width":849,"height":566,"caption":"Manik\u00fcre Pedik\u00fcre Ravensburg"},{"@type":"BreadcrumbList","@id":"https:\/\/kosmetik-ravensburg.com\/?page_id=99#breadcrumb","itemListElement":[{"@type":"ListItem","position":1,"name":"Startseite","item":"https:\/\/kosmetik-ravensburg.com\/"},{"@type":"ListItem","position":2,"name":"H\u00e4nde und F\u00fc\u00dfe"}]},{"@type":"WebSite","@id":"https:\/\/kosmetik-ravensburg.com\/#website","url":"https:\/\/kosmetik-ravensburg.com\/","name":"Kosmetik Ravensburg","description":"","publisher":{"@id":"https:\/\/kosmetik-ravensburg.com\/#organization"},"potentialAction":[{"@type":"SearchAction","target":{"@type":"EntryPoint","urlTemplate":"https:\/\/kosmetik-ravensburg.com\/?s={search_term_string}"},"query-input":{"@type":"PropertyValueSpecification","valueRequired":true,"valueName":"search_term_string"}}],"inLanguage":"de"},{"@type":"Organization","@id":"https:\/\/kosmetik-ravensburg.com\/#organization","name":"Kosmetik Ravensburg","url":"https:\/\/kosmetik-ravensburg.com\/","logo":{"@type":"ImageObject","inLanguage":"de","@id":"https:\/\/kosmetik-ravensburg.com\/#\/schema\/logo\/image\/","url":"https:\/\/kosmetik-ravensburg.com\/wp-content\/uploads\/2022\/03\/cropped-Amica_Bittel_2c_grey_pantone.jpg","contentUrl":"https:\/\/kosmetik-ravensburg.com\/wp-content\/uploads\/2022\/03\/cropped-Amica_Bittel_2c_grey_pantone.jpg","width":978,"height":391,"caption":"Kosmetik Ravensburg"},"image":{"@id":"https:\/\/kosmetik-ravensburg.com\/#\/schema\/logo\/image\/"}}]}},"_links":{"self":[{"href":"https:\/\/kosmetik-ravensburg.com\/index.php?rest_route=\/wp\/v2\/pages\/99","targetHints":{"allow":["GET"]}}],"collection":[{"href":"https:\/\/kosmetik-ravensburg.com\/index.php?rest_route=\/wp\/v2\/pages"}],"about":[{"href":"https:\/\/kosmetik-ravensburg.com\/index.php?rest_route=\/wp\/v2\/types\/page"}],"author":[{"embeddable":true,"href":"https:\/\/kosmetik-ravensburg.com\/index.php?rest_route=\/wp\/v2\/users\/1"}],"replies":[{"embeddable":true,"href":"https:\/\/kosmetik-ravensburg.com\/index.php?rest_route=%2Fwp%2Fv2%2Fcomments&post=99"}],"version-history":[{"count":8,"href":"https:\/\/kosmetik-ravensburg.com\/index.php?rest_route=\/wp\/v2\/pages\/99\/revisions"}],"predecessor-version":[{"id":788,"href":"https:\/\/kosmetik-ravensburg.com\/index.php?rest_route=\/wp\/v2\/pages\/99\/revisions\/788"}],"wp:featuredmedia":[{"embeddable":true,"href":"https:\/\/kosmetik-ravensburg.com\/index.php?rest_route=\/wp\/v2\/media\/102"}],"wp:attachment":[{"href":"https:\/\/kosmetik-ravensburg.com\/index.php?rest_route=%2Fwp%2Fv2%2Fmedia&parent=99"}],"curies":[{"name":"wp","href":"https:\/\/api.w.org\/{rel}","templated":true}]}}